{"id":1330,"date":"2024-02-07T19:53:20","date_gmt":"2024-02-07T19:53:20","guid":{"rendered":"https:\/\/kit23.com\/?page_id=1330"},"modified":"2024-03-11T13:33:32","modified_gmt":"2024-03-11T13:33:32","slug":"app","status":"publish","type":"page","link":"https:\/\/kit23.com\/en\/app\/","title":{"rendered":"App"},"content":{"rendered":"<div data-elementor-type=\"wp-page\" data-elementor-id=\"1330\" class=\"elementor elementor-1330\">\n\t\t\t\t\t\t<section class=\"elementor-section elementor-top-section elementor-element elementor-element-e31a9c8 elementor-section-boxed elementor-section-height-default elementor-section-height-default\" data-id=\"e31a9c8\" data-element_type=\"section\" data-e-type=\"section\" data-settings=\"{&quot;background_background&quot;:&quot;classic&quot;}\">\n\t\t\t\t\t\t\t<div class=\"elementor-background-overlay\"><\/div>\n\t\t\t\t\t\t\t<div class=\"elementor-container elementor-column-gap-default\">\n\t\t\t\t\t<div class=\"elementor-column elementor-col-100 elementor-top-column elementor-element elementor-element-cf6106f\" data-id=\"cf6106f\" data-element_type=\"column\" data-e-type=\"column\">\n\t\t\t<div class=\"elementor-widget-wrap elementor-element-populated\">\n\t\t\t\t\t\t<div class=\"elementor-element elementor-element-78080ca de_scroll_animation_no elementor-invisible elementor-widget elementor-widget-text-editor\" data-id=\"78080ca\" data-element_type=\"widget\" data-e-type=\"widget\" data-settings=\"{&quot;_animation&quot;:&quot;fadeIn&quot;}\" data-widget_type=\"text-editor.default\">\n\t\t\t\t<div class=\"elementor-widget-container\">\n\t\t\t\t\t\t\t\t\t<p>APP<\/p>\t\t\t\t\t\t\t\t<\/div>\n\t\t\t\t<\/div>\n\t\t\t\t\t<\/div>\n\t\t<\/div>\n\t\t\t\t\t<\/div>\n\t\t<\/section>\n\t\t<div class=\"elementor-element elementor-element-79aa7ec e-flex e-con-boxed e-con e-parent\" data-id=\"79aa7ec\" data-element_type=\"container\" data-e-type=\"container\">\n\t\t\t\t\t<div class=\"e-con-inner\">\n\t\t<div class=\"elementor-element elementor-element-ce9d46b e-con-full e-flex e-con e-child\" data-id=\"ce9d46b\" data-element_type=\"container\" data-e-type=\"container\">\n\t\t\t\t<div class=\"elementor-element elementor-element-cce1ea8 de_scroll_animation_no elementor-widget elementor-widget-elementskit-heading\" data-id=\"cce1ea8\" data-element_type=\"widget\" data-e-type=\"widget\" data-widget_type=\"elementskit-heading.default\">\n\t\t\t\t<div class=\"elementor-widget-container\">\n\t\t\t\t\t<div class=\"ekit-wid-con\" ><div class=\"ekit-heading elementskit-section-title-wraper text_left   ekit_heading_tablet-   ekit_heading_mobile-\"><h2 class=\"ekit-heading--title elementskit-section-title\">App <span><span>Android<\/span><\/span><\/h2>\t\t\t\t<div class='ekit-heading__description'>\n\t\t\t\t\t<p>Si tu tel\u00e9fono es android descarga la app aqu\u00ed<\/p>\n\t\t\t\t<\/div>\n\t\t\t<\/div><\/div>\t\t\t\t<\/div>\n\t\t\t\t<\/div>\n\t\t\t\t<div class=\"elementor-element elementor-element-646de9d elementor-align--mobilecenter elementor-align-center de_scroll_animation_no elementor-widget elementor-widget-elementskit-button\" data-id=\"646de9d\" data-element_type=\"widget\" data-e-type=\"widget\" data-widget_type=\"elementskit-button.default\">\n\t\t\t\t<div class=\"elementor-widget-container\">\n\t\t\t\t\t<div class=\"ekit-wid-con\" >\t\t<div class=\"ekit-btn-wraper\">\n\t\t\t\t\t\t\t<a href=\"https:\/\/play.google.com\/store\/apps\/details?id=com.touch.kitv2\" class=\"elementskit-btn  whitespace--normal\" id=\"\">\n\t\t\t\t\tApp Kit23 Android\t\t\t\t<\/a>\n\t\t\t\t\t<\/div>\n        <\/div>\t\t\t\t<\/div>\n\t\t\t\t<\/div>\n\t\t\t\t<\/div>\n\t\t<div class=\"elementor-element elementor-element-3e4f7dd e-con-full e-flex e-con e-child\" data-id=\"3e4f7dd\" data-element_type=\"container\" data-e-type=\"container\">\n\t\t\t\t<div class=\"elementor-element elementor-element-e525c3d de_scroll_animation_no elementor-widget elementor-widget-elementskit-heading\" data-id=\"e525c3d\" data-element_type=\"widget\" data-e-type=\"widget\" data-widget_type=\"elementskit-heading.default\">\n\t\t\t\t<div class=\"elementor-widget-container\">\n\t\t\t\t\t<div class=\"ekit-wid-con\" ><div class=\"ekit-heading elementskit-section-title-wraper text_left   ekit_heading_tablet-   ekit_heading_mobile-\"><h2 class=\"ekit-heading--title elementskit-section-title\">App <span><span>iOS<\/span><\/span><\/h2>\t\t\t\t<div class='ekit-heading__description'>\n\t\t\t\t\t<p>Si tu tel\u00e9fono es iPhone descarga la app aqu\u00ed<\/p>\n\t\t\t\t<\/div>\n\t\t\t<\/div><\/div>\t\t\t\t<\/div>\n\t\t\t\t<\/div>\n\t\t<div class=\"elementor-element elementor-element-8e28351 e-flex e-con-boxed e-con e-child\" data-id=\"8e28351\" data-element_type=\"container\" data-e-type=\"container\">\n\t\t\t\t\t<div class=\"e-con-inner\">\n\t\t\t\t<div class=\"elementor-element elementor-element-fd7c41d elementor-align--mobilecenter elementor-align-center de_scroll_animation_no elementor-widget elementor-widget-elementskit-button\" data-id=\"fd7c41d\" data-element_type=\"widget\" data-e-type=\"widget\" data-widget_type=\"elementskit-button.default\">\n\t\t\t\t<div class=\"elementor-widget-container\">\n\t\t\t\t\t<div class=\"ekit-wid-con\" >\t\t<div class=\"ekit-btn-wraper\">\n\t\t\t\t\t\t\t<a href=\"https:\/\/apps.apple.com\/us\/app\/kit\/id6448731019\" class=\"elementskit-btn  whitespace--normal\" id=\"\">\n\t\t\t\t\tApp Kit23 iOS\t\t\t\t<\/a>\n\t\t\t\t\t<\/div>\n        <\/div>\t\t\t\t<\/div>\n\t\t\t\t<\/div>\n\t\t\t\t\t<\/div>\n\t\t\t\t<\/div>\n\t\t\t\t<\/div>\n\t\t\t\t\t<\/div>\n\t\t\t\t<\/div>\n\t\t\t\t<\/div>","protected":false},"excerpt":{"rendered":"<p>APP App Android Si tu tel\u00e9fono es android descarga la app aqu\u00ed App Kit23 Android App iOS Si tu tel\u00e9fono es iPhone descarga la app aqu\u00ed App Kit23 iOS<\/p>","protected":false},"author":1,"featured_media":0,"parent":0,"menu_order":0,"comment_status":"closed","ping_status":"closed","template":"elementor_header_footer","meta":{"footnotes":""},"class_list":["post-1330","page","type-page","status-publish","hentry"],"yoast_head":"<!-- This site is optimized with the Yoast SEO plugin v27.5 - https:\/\/yoast.com\/product\/yoast-seo-wordpress\/ -->\n<title>App - KIT23<\/title>\n<meta name=\"robots\" content=\"index, follow, max-snippet:-1, max-image-preview:large, max-video-preview:-1\" \/>\n<link rel=\"canonical\" href=\"https:\/\/kit23.com\/en\/app\/\" \/>\n<meta property=\"og:locale\" content=\"en_US\" \/>\n<meta property=\"og:type\" content=\"article\" \/>\n<meta property=\"og:title\" content=\"App - KIT23\" \/>\n<meta property=\"og:description\" content=\"APP App Android Si tu tel\u00e9fono es android descarga la app aqu\u00ed App Kit23 Android App iOS Si tu tel\u00e9fono es iPhone descarga la app aqu\u00ed App Kit23 iOS\" \/>\n<meta property=\"og:url\" content=\"https:\/\/kit23.com\/en\/app\/\" \/>\n<meta property=\"og:site_name\" content=\"KIT23\" \/>\n<meta property=\"article:modified_time\" content=\"2024-03-11T13:33:32+00:00\" \/>\n<meta name=\"twitter:card\" content=\"summary_large_image\" \/>\n<meta name=\"twitter:label1\" content=\"Est. reading time\" \/>\n\t<meta name=\"twitter:data1\" content=\"1 minute\" \/>\n<script type=\"application\/ld+json\" class=\"yoast-schema-graph\">{\"@context\":\"https:\\\/\\\/schema.org\",\"@graph\":[{\"@type\":\"WebPage\",\"@id\":\"https:\\\/\\\/kit23.com\\\/app\\\/\",\"url\":\"https:\\\/\\\/kit23.com\\\/app\\\/\",\"name\":\"App - KIT23\",\"isPartOf\":{\"@id\":\"https:\\\/\\\/kit23.com\\\/#website\"},\"datePublished\":\"2024-02-07T19:53:20+00:00\",\"dateModified\":\"2024-03-11T13:33:32+00:00\",\"breadcrumb\":{\"@id\":\"https:\\\/\\\/kit23.com\\\/app\\\/#breadcrumb\"},\"inLanguage\":\"en-US\",\"potentialAction\":[{\"@type\":\"ReadAction\",\"target\":[\"https:\\\/\\\/kit23.com\\\/app\\\/\"]}]},{\"@type\":\"BreadcrumbList\",\"@id\":\"https:\\\/\\\/kit23.com\\\/app\\\/#breadcrumb\",\"itemListElement\":[{\"@type\":\"ListItem\",\"position\":1,\"name\":\"Home\",\"item\":\"https:\\\/\\\/kit23.com\\\/\"},{\"@type\":\"ListItem\",\"position\":2,\"name\":\"App\"}]},{\"@type\":\"WebSite\",\"@id\":\"https:\\\/\\\/kit23.com\\\/#website\",\"url\":\"https:\\\/\\\/kit23.com\\\/\",\"name\":\"KIT23\",\"description\":\"\",\"potentialAction\":[{\"@type\":\"SearchAction\",\"target\":{\"@type\":\"EntryPoint\",\"urlTemplate\":\"https:\\\/\\\/kit23.com\\\/?s={search_term_string}\"},\"query-input\":{\"@type\":\"PropertyValueSpecification\",\"valueRequired\":true,\"valueName\":\"search_term_string\"}}],\"inLanguage\":\"en-US\"}]}<\/script>\n<!-- \/ Yoast SEO plugin. -->","yoast_head_json":{"title":"App - KIT23","robots":{"index":"index","follow":"follow","max-snippet":"max-snippet:-1","max-image-preview":"max-image-preview:large","max-video-preview":"max-video-preview:-1"},"canonical":"https:\/\/kit23.com\/en\/app\/","og_locale":"en_US","og_type":"article","og_title":"App - KIT23","og_description":"APP App Android Si tu tel\u00e9fono es android descarga la app aqu\u00ed App Kit23 Android App iOS Si tu tel\u00e9fono es iPhone descarga la app aqu\u00ed App Kit23 iOS","og_url":"https:\/\/kit23.com\/en\/app\/","og_site_name":"KIT23","article_modified_time":"2024-03-11T13:33:32+00:00","twitter_card":"summary_large_image","twitter_misc":{"Est. reading time":"1 minute"},"schema":{"@context":"https:\/\/schema.org","@graph":[{"@type":"WebPage","@id":"https:\/\/kit23.com\/app\/","url":"https:\/\/kit23.com\/app\/","name":"App - KIT23","isPartOf":{"@id":"https:\/\/kit23.com\/#website"},"datePublished":"2024-02-07T19:53:20+00:00","dateModified":"2024-03-11T13:33:32+00:00","breadcrumb":{"@id":"https:\/\/kit23.com\/app\/#breadcrumb"},"inLanguage":"en-US","potentialAction":[{"@type":"ReadAction","target":["https:\/\/kit23.com\/app\/"]}]},{"@type":"BreadcrumbList","@id":"https:\/\/kit23.com\/app\/#breadcrumb","itemListElement":[{"@type":"ListItem","position":1,"name":"Home","item":"https:\/\/kit23.com\/"},{"@type":"ListItem","position":2,"name":"App"}]},{"@type":"WebSite","@id":"https:\/\/kit23.com\/#website","url":"https:\/\/kit23.com\/","name":"KIT23","description":"","potentialAction":[{"@type":"SearchAction","target":{"@type":"EntryPoint","urlTemplate":"https:\/\/kit23.com\/?s={search_term_string}"},"query-input":{"@type":"PropertyValueSpecification","valueRequired":true,"valueName":"search_term_string"}}],"inLanguage":"en-US"}]}},"_links":{"self":[{"href":"https:\/\/kit23.com\/en\/wp-json\/wp\/v2\/pages\/1330","targetHints":{"allow":["GET"]}}],"collection":[{"href":"https:\/\/kit23.com\/en\/wp-json\/wp\/v2\/pages"}],"about":[{"href":"https:\/\/kit23.com\/en\/wp-json\/wp\/v2\/types\/page"}],"author":[{"embeddable":true,"href":"https:\/\/kit23.com\/en\/wp-json\/wp\/v2\/users\/1"}],"replies":[{"embeddable":true,"href":"https:\/\/kit23.com\/en\/wp-json\/wp\/v2\/comments?post=1330"}],"version-history":[{"count":41,"href":"https:\/\/kit23.com\/en\/wp-json\/wp\/v2\/pages\/1330\/revisions"}],"predecessor-version":[{"id":1475,"href":"https:\/\/kit23.com\/en\/wp-json\/wp\/v2\/pages\/1330\/revisions\/1475"}],"wp:attachment":[{"href":"https:\/\/kit23.com\/en\/wp-json\/wp\/v2\/media?parent=1330"}],"curies":[{"name":"wp","href":"https:\/\/api.w.org\/{rel}","templated":true}]}}